{"id":3495,"date":"2020-02-07T02:16:59","date_gmt":"2020-02-07T02:16:59","guid":{"rendered":"https:\/\/demo.casethemes.net\/consultio-corporate3\/?page_id=3495"},"modified":"2025-06-30T21:32:07","modified_gmt":"2025-06-30T21:32:07","slug":"our-process","status":"publish","type":"page","link":"https:\/\/www.bkp20251215.talcoanalytics.com\/fr\/our-process\/","title":{"rendered":"Notre processus"},"content":{"rendered":"<div data-elementor-type=\"wp-page\" data-elementor-id=\"3495\" class=\"elementor elementor-3495\" data-elementor-post-type=\"page\">\n\t\t\t\t        <section class=\"elementor-section elementor-top-section elementor-element elementor-element-c330f18 elementor-section-stretched elementor-section-boxed elementor-section-height-default elementor-section-height-default ct-header-fixed-none ct-row-max-none\" data-id=\"c330f18\" data-element_type=\"section\" data-settings=\"{&quot;stretch_section&quot;:&quot;section-stretched&quot;}\">\n            \n                        <div class=\"elementor-container elementor-column-gap-extended\">\n                    <div class=\"elementor-column elementor-col-100 elementor-top-column elementor-element elementor-element-6c8cc02\" data-id=\"6c8cc02\" data-element_type=\"column\">\n        <div class=\"elementor-widget-wrap elementor-element-populated\">\n                    \n        \t\t<div class=\"elementor-element elementor-element-c01a58d elementor-widget elementor-widget-ct_heading\" data-id=\"c01a58d\" data-element_type=\"widget\" data-widget_type=\"ct_heading.default\">\n\t\t\t\t<div class=\"elementor-widget-container\">\n\t\t\t\t\t<div id=\"ct_heading-c01a58d\" class=\"ct-heading h-align-center sub-style1 ct-heading-left item-st-default\">\r\n\t<div class=\"ct-item--inner\">\r\n        <div class=\"ct-inline-css\"  data-css=\"            \">\r\n        <\/div>\r\n            \t\t<div class=\"item--sub-title style1 hide-line\">\r\n                                                Our Process                                                            <\/div>\r\n    \t        <h3 class=\"item--title st-default case-animate-time\" data-wow-delay=\"ms\">\r\n                        <span class=\"sp-main\">\r\n                \r\n                Nous vous guidons de la compr\u00e9hension \u00e0 la mise en \u0153uvre en cinq \u00e9tapes structur\u00e9es\r\n                \r\n                            <\/span>\r\n                    <\/h3>\r\n    <\/div>\r\n<\/div>\t\t\t\t<\/div>\n\t\t\t\t<\/div>\n\t\t\t\t<div class=\"elementor-element elementor-element-7d99961 elementor-widget elementor-widget-ct_tab_banner\" data-id=\"7d99961\" data-element_type=\"widget\" data-widget_type=\"ct_tab_banner.default\">\n\t\t\t\t<div class=\"elementor-widget-container\">\n\t\t\t\t\t    <div class=\"ct-tabs ct-tab-banner1\">\n        <div class=\"ct-tabs-title\">\n                            <div class=\"ct-tab-title\" data-target=\"#ct_tab_banner-7d999610\">\n                    <h4>D\u00e9couvrir<\/h4>\n                    <p><p>Clarifier les besoins, les priorit\u00e9s et les contraintes<\/p><\/p>\n                    <i class=\"tab-arrow\"><\/i>\n                <\/div>\n                            <div class=\"ct-tab-title\" data-target=\"#ct_tab_banner-7d999611\">\n                    <h4>Diagnostiquer <\/h4>\n                    <p><p>\u00c9valuer les syst\u00e8mes, les lacunes ou la dynamique du march\u00e9<\/p><\/p>\n                    <i class=\"tab-arrow\"><\/i>\n                <\/div>\n                            <div class=\"ct-tab-title active\" data-target=\"#ct_tab_banner-7d999612\">\n                    <h4>Conception <\/h4>\n                    <p><p>Solutions artisanales : outils, donn\u00e9es ou partenariats<\/p><\/p>\n                    <i class=\"tab-arrow\"><\/i>\n                <\/div>\n                    <\/div>\n        <div class=\"ct-tabs-content\">\n                            <div id=\"ct_tab_banner-7d999610\" class=\"ct-tab-content\" >\n                                            <div class=\"ct-tab-image bg-image\" style=\"background-image: url(https:\/\/bkp20251215.talcoanalytics.com\/wp-content\/uploads\/2019\/11\/theme-02.jpg);\"><\/div>\n                                    <\/div>\n                            <div id=\"ct_tab_banner-7d999611\" class=\"ct-tab-content\" >\n                                            <div class=\"ct-tab-image bg-image\" style=\"background-image: url(https:\/\/bkp20251215.talcoanalytics.com\/wp-content\/uploads\/2019\/11\/theme-05.jpg);\"><\/div>\n                                    <\/div>\n                            <div id=\"ct_tab_banner-7d999612\" class=\"ct-tab-content\" style=\"display: block;\">\n                                            <div class=\"ct-tab-image bg-image\" style=\"background-image: url(https:\/\/bkp20251215.talcoanalytics.com\/wp-content\/uploads\/2019\/11\/theme-10.jpg);\"><\/div>\n                                    <\/div>\n                    <\/div>\n    <\/div>\n\t\t\t\t<\/div>\n\t\t\t\t<\/div>\n\t\t            <\/div>\n        <\/div>\n                    <\/div>\n        <\/section>\n                <section class=\"elementor-section elementor-top-section elementor-element elementor-element-a46ffb5 elementor-section-stretched elementor-section-boxed elementor-section-height-default elementor-section-height-default ct-header-fixed-none ct-row-max-none\" data-id=\"a46ffb5\" data-element_type=\"section\" data-settings=\"{&quot;stretch_section&quot;:&quot;section-stretched&quot;,&quot;background_background&quot;:&quot;classic&quot;}\">\n                            <div class=\"elementor-background-overlay\"><\/div>\n                \n                        <div class=\"elementor-container elementor-column-gap-extended\">\n                    <div class=\"elementor-column elementor-col-100 elementor-top-column elementor-element elementor-element-5e67a90\" data-id=\"5e67a90\" data-element_type=\"column\">\n        <div class=\"elementor-widget-wrap elementor-element-populated\">\n                    \n                <section class=\"elementor-section elementor-inner-section elementor-element elementor-element-0336159 elementor-section-boxed elementor-section-height-default elementor-section-height-default ct-header-fixed-none ct-row-max-none\" data-id=\"0336159\" data-element_type=\"section\">\n            \n                        <div class=\"elementor-container elementor-column-gap-extended\">\n                    <div class=\"elementor-column elementor-col-33 elementor-inner-column elementor-element elementor-element-9559d14\" data-id=\"9559d14\" data-element_type=\"column\">\n        <div class=\"elementor-widget-wrap\">\n                    \n                    <\/div>\n        <\/div>\n                <div class=\"elementor-column elementor-col-33 elementor-inner-column elementor-element elementor-element-7aad221\" data-id=\"7aad221\" data-element_type=\"column\">\n        <div class=\"elementor-widget-wrap elementor-element-populated\">\n                    \n        \t\t<div class=\"elementor-element elementor-element-fd46c38 elementor-widget elementor-widget-ct_heading\" data-id=\"fd46c38\" data-element_type=\"widget\" data-widget_type=\"ct_heading.default\">\n\t\t\t\t<div class=\"elementor-widget-container\">\n\t\t\t\t\t<div id=\"ct_heading-fd46c38\" class=\"ct-heading h-align-center sub-style1 ct-heading-left item-st-default\">\r\n\t<div class=\"ct-item--inner\">\r\n        <div class=\"ct-inline-css\"  data-css=\"            \">\r\n        <\/div>\r\n            \t\t<div class=\"item--sub-title style1 hide-line\">\r\n                                                Video                                                            <\/div>\r\n    \t        <h3 class=\"item--title st-default case-animate-time\" data-wow-delay=\"ms\">\r\n                        <span class=\"sp-main\">\r\n                \r\n                D\u00e9couvrez comment nous travaillons avec\ntouch of <i>experience<\/i>\r\n                \r\n                            <\/span>\r\n                    <\/h3>\r\n    <\/div>\r\n<\/div>\t\t\t\t<\/div>\n\t\t\t\t<\/div>\n\t\t            <\/div>\n        <\/div>\n                <div class=\"elementor-column elementor-col-33 elementor-inner-column elementor-element elementor-element-3d043c7\" data-id=\"3d043c7\" data-element_type=\"column\">\n        <div class=\"elementor-widget-wrap\">\n                    \n                    <\/div>\n        <\/div>\n                    <\/div>\n        <\/section>\n        \t\t<div class=\"elementor-element elementor-element-f0564eb text-center elementor-widget elementor-widget-ct_video_player\" data-id=\"f0564eb\" data-element_type=\"widget\" data-widget_type=\"ct_video_player.default\">\n\t\t\t\t<div class=\"elementor-widget-container\">\n\t\t\t\t\t<div class=\"ct-video-player video-player-style1 wow fadeInUp\">\r\n                    <a class=\"ct-video-button style1\" href=\"https:\/\/www.youtube.com\/watch?v=SF4aHwxHtZ0\">\r\n            <i class=\"fac fac-play\"><\/i>\r\n            <span class=\"line-video-animation line-video-1\"><\/span>\r\n            <span class=\"line-video-animation line-video-2\"><\/span>\r\n            <span class=\"line-video-animation line-video-3\"><\/span>\r\n        <\/a>\r\n        <span><\/span>\r\n<\/div>\r\n\t\t\t\t<\/div>\n\t\t\t\t<\/div>\n\t\t            <\/div>\n        <\/div>\n                    <\/div>\n        <\/section>\n        \t\t<\/div>","protected":false},"excerpt":{"rendered":"<p>Our Process We guide you from insight to implementation in five structured steps Discover Clarify needs, priorities, and constraints Diagnose Assess systems, gaps, or market dynamics Design Craft solutions: tools, data, or partnerships Video See how we work with touch of experience<\/p>","protected":false},"author":6,"featured_media":0,"parent":0,"menu_order":0,"comment_status":"closed","ping_status":"closed","template":"","meta":{"footnotes":""},"class_list":["post-3495","page","type-page","status-publish","hentry"],"_links":{"self":[{"href":"https:\/\/www.bkp20251215.talcoanalytics.com\/fr\/wp-json\/wp\/v2\/pages\/3495","targetHints":{"allow":["GET"]}}],"collection":[{"href":"https:\/\/www.bkp20251215.talcoanalytics.com\/fr\/wp-json\/wp\/v2\/pages"}],"about":[{"href":"https:\/\/www.bkp20251215.talcoanalytics.com\/fr\/wp-json\/wp\/v2\/types\/page"}],"author":[{"embeddable":true,"href":"https:\/\/www.bkp20251215.talcoanalytics.com\/fr\/wp-json\/wp\/v2\/users\/6"}],"replies":[{"embeddable":true,"href":"https:\/\/www.bkp20251215.talcoanalytics.com\/fr\/wp-json\/wp\/v2\/comments?post=3495"}],"version-history":[{"count":56,"href":"https:\/\/www.bkp20251215.talcoanalytics.com\/fr\/wp-json\/wp\/v2\/pages\/3495\/revisions"}],"predecessor-version":[{"id":6030,"href":"https:\/\/www.bkp20251215.talcoanalytics.com\/fr\/wp-json\/wp\/v2\/pages\/3495\/revisions\/6030"}],"wp:attachment":[{"href":"https:\/\/www.bkp20251215.talcoanalytics.com\/fr\/wp-json\/wp\/v2\/media?parent=3495"}],"curies":[{"name":"wp","href":"https:\/\/api.w.org\/{rel}","templated":true}]}}